{"id":7084,"date":"2020-12-30T03:22:01","date_gmt":"2020-12-30T03:22:01","guid":{"rendered":"https:\/\/demo4.drfuri.com\/razzi\/?page_id=7084"},"modified":"2026-03-03T14:14:27","modified_gmt":"2026-03-03T13:14:27","slug":"meilleures-ventes","status":"publish","type":"page","link":"https:\/\/gnamaboutique.com\/fr\/meilleures-ventes\/","title":{"rendered":"Meilleures ventes"},"content":{"rendered":"<div data-elementor-type=\"wp-page\" data-elementor-id=\"7084\" class=\"elementor elementor-7084\">\n\t\t\t\t\t\t<section class=\"elementor-section elementor-top-section elementor-element elementor-element-0197311 elementor-section-boxed elementor-section-height-default elementor-section-height-default\" data-id=\"0197311\" data-element_type=\"section\" data-e-type=\"section\">\n\t\t\t\t\t\t<div class=\"elementor-container elementor-column-gap-default\">\n\t\t\t\t\t<div class=\"elementor-column elementor-col-100 elementor-top-column elementor-element elementor-element-475a50c\" data-id=\"475a50c\" data-element_type=\"column\" data-e-type=\"column\">\n\t\t\t<div class=\"elementor-widget-wrap elementor-element-populated\">\n\t\t\t\t\t\t<div class=\"elementor-element elementor-element-8d741b9 elementor-widget elementor-widget-razzi-products-grid\" data-id=\"8d741b9\" data-element_type=\"widget\" data-e-type=\"widget\" data-settings=\"{&quot;products&quot;:&quot;best_selling&quot;,&quot;per_page&quot;:8,&quot;columns&quot;:4}\" data-widget_type=\"razzi-products-grid.default\">\n\t\t\t\t<div class=\"elementor-widget-container\">\n\t\t\t\t\t\t\t<div class=\"razzi-products-grid woocommerce\">\r\n\t\t\t<div class=\"product-content\"><ul class=\"products columns-4\">\n<li class=\"product type-product post-12629 status-publish first instock product_cat-broderies-ornements product_tag-accessories product_tag-mens has-post-thumbnail shipping-taxable purchasable product-type-simple\">\n\t<a href=\"https:\/\/gnamaboutique.com\/fr\/produit\/article-un-copie-2\/\" class=\"woocommerce-LoopProduct-link woocommerce-loop-product__link\"><img fetchpriority=\"high\" decoding=\"async\" width=\"370\" height=\"444\" src=\"https:\/\/gnamaboutique.com\/wp-content\/uploads\/2026\/03\/WhatsApp-Image-2026-03-05-at-5.00.06-AM-370x444.jpeg\" class=\"attachment-woocommerce_thumbnail size-woocommerce_thumbnail\" alt=\"Article Un (Copie)\" \/><h2 class=\"woocommerce-loop-product__title\">Article Un (Copie)<\/h2>\n\t<span class=\"price\"><span class=\"woocommerce-Price-amount amount\"><bdi><span class=\"woocommerce-Price-currencySymbol\">$<\/span>49.90<\/bdi><\/span><\/span>\n<\/a><a href=\"\/fr\/wp-json\/wp\/v2\/pages\/7084?add-to-cart=12629\" aria-describedby=\"woocommerce_loop_add_to_cart_link_describedby_12629\" data-quantity=\"1\" class=\"button product_type_simple add_to_cart_button ajax_add_to_cart\" data-product_id=\"12629\" data-product_sku=\"Q4TTYHTJY0-8\" aria-label=\"Ajouter au panier\u00a0: \u201cArticle Un (Copie)\u201d\" rel=\"nofollow\" data-success_message=\"\u00ab\u00a0Article Un (Copie)\u00a0\u00bb a \u00e9t\u00e9 ajout\u00e9 \u00e0 votre panier\" role=\"button\" data-no-translation=\"\" data-trp-gettext=\"\" data-no-translation-aria-label=\"\" data-no-translation-data-success_message=\"\">Ajouter au panier<\/a>\t<span id=\"woocommerce_loop_add_to_cart_link_describedby_12629\" class=\"screen-reader-text\">\n\t\t\t<\/span>\n<\/li>\n<li class=\"product type-product post-12636 status-publish instock product_cat-non-classe product_tag-accessories product_tag-mens has-post-thumbnail shipping-taxable purchasable product-type-simple\">\n\t<a href=\"https:\/\/gnamaboutique.com\/fr\/produit\/article-blue-copie-copie-copie\/\" class=\"woocommerce-LoopProduct-link woocommerce-loop-product__link\"><img decoding=\"async\" width=\"370\" height=\"444\" src=\"https:\/\/gnamaboutique.com\/wp-content\/uploads\/2026\/03\/7628bd11-dd21-4e7c-8a3b-07e30f702f27-370x444.jpeg\" class=\"attachment-woocommerce_thumbnail size-woocommerce_thumbnail\" alt=\"Article blue (Copie) (Copie) (Copie)\" \/><h2 class=\"woocommerce-loop-product__title\">Article blue (Copie) (Copie) (Copie)<\/h2>\n\t<span class=\"price\"><span class=\"woocommerce-Price-amount amount\"><bdi><span class=\"woocommerce-Price-currencySymbol\">$<\/span>49.90<\/bdi><\/span><\/span>\n<\/a><a href=\"\/fr\/wp-json\/wp\/v2\/pages\/7084?add-to-cart=12636\" aria-describedby=\"woocommerce_loop_add_to_cart_link_describedby_12636\" data-quantity=\"1\" class=\"button product_type_simple add_to_cart_button ajax_add_to_cart\" data-product_id=\"12636\" data-product_sku=\"Q4TTYHTJY0-9\" aria-label=\"Ajouter au panier\u00a0: \u201cArticle blue (Copie) (Copie) (Copie)\u201d\" rel=\"nofollow\" data-success_message=\"\u00ab\u00a0Article blue (Copie) (Copie) (Copie)\u00a0\u00bb a \u00e9t\u00e9 ajout\u00e9 \u00e0 votre panier\" role=\"button\" data-no-translation=\"\" data-trp-gettext=\"\" data-no-translation-aria-label=\"\" data-no-translation-data-success_message=\"\">Ajouter au panier<\/a>\t<span id=\"woocommerce_loop_add_to_cart_link_describedby_12636\" class=\"screen-reader-text\">\n\t\t\t<\/span>\n<\/li>\n<li class=\"product type-product post-6831 status-publish instock product_cat-ensembles-2-pieces product_cat-non-classe product_tag-accessories product_tag-mens has-post-thumbnail shipping-taxable purchasable product-type-simple\">\n\t<a href=\"https:\/\/gnamaboutique.com\/fr\/produit\/article-un\/\" class=\"woocommerce-LoopProduct-link woocommerce-loop-product__link\"><img decoding=\"async\" width=\"370\" height=\"444\" src=\"https:\/\/gnamaboutique.com\/wp-content\/uploads\/2020\/12\/a3429a0b-dca3-44c3-97f4-17dfcb139c27--370x444.jpeg\" class=\"attachment-woocommerce_thumbnail size-woocommerce_thumbnail\" alt=\"Article Un\" \/><h2 class=\"woocommerce-loop-product__title\">Article Un<\/h2><div class=\"star-rating\" role=\"img\" aria-label=\"Note 3.00 sur 5\" data-no-translation-aria-label=\"\"><span class=\"max-rating rating-stars\"><span class=\"razzi-svg-icon\"><svg aria-hidden=\"true\" role=\"img\" focusable=\"false\" xmlns=\"http:\/\/www.w3.org\/2000\/svg\" width=\"24\" height=\"24\" viewbox=\"0 0 24 24\" fill=\"currentColor\"><polygon points=\"12 2 15.09 8.26 22 9.27 17 14.14 18.18 21.02 12 17.77 5.82 21.02 7 14.14 2 9.27 8.91 8.26 12 2\"><\/polygon><\/svg><\/span><span class=\"razzi-svg-icon\"><svg aria-hidden=\"true\" role=\"img\" focusable=\"false\" xmlns=\"http:\/\/www.w3.org\/2000\/svg\" width=\"24\" height=\"24\" viewbox=\"0 0 24 24\" fill=\"currentColor\"><polygon points=\"12 2 15.09 8.26 22 9.27 17 14.14 18.18 21.02 12 17.77 5.82 21.02 7 14.14 2 9.27 8.91 8.26 12 2\"><\/polygon><\/svg><\/span><span class=\"razzi-svg-icon\"><svg aria-hidden=\"true\" role=\"img\" focusable=\"false\" xmlns=\"http:\/\/www.w3.org\/2000\/svg\" width=\"24\" height=\"24\" viewbox=\"0 0 24 24\" fill=\"currentColor\"><polygon points=\"12 2 15.09 8.26 22 9.27 17 14.14 18.18 21.02 12 17.77 5.82 21.02 7 14.14 2 9.27 8.91 8.26 12 2\"><\/polygon><\/svg><\/span><span class=\"razzi-svg-icon\"><svg aria-hidden=\"true\" role=\"img\" focusable=\"false\" xmlns=\"http:\/\/www.w3.org\/2000\/svg\" width=\"24\" height=\"24\" viewbox=\"0 0 24 24\" fill=\"currentColor\"><polygon points=\"12 2 15.09 8.26 22 9.27 17 14.14 18.18 21.02 12 17.77 5.82 21.02 7 14.14 2 9.27 8.91 8.26 12 2\"><\/polygon><\/svg><\/span><span class=\"razzi-svg-icon\"><svg aria-hidden=\"true\" role=\"img\" focusable=\"false\" xmlns=\"http:\/\/www.w3.org\/2000\/svg\" width=\"24\" height=\"24\" viewbox=\"0 0 24 24\" fill=\"currentColor\"><polygon points=\"12 2 15.09 8.26 22 9.27 17 14.14 18.18 21.02 12 17.77 5.82 21.02 7 14.14 2 9.27 8.91 8.26 12 2\"><\/polygon><\/svg><\/span><\/span><span class=\"user-rating rating-stars\" style=\"width:60%\"><span class=\"razzi-svg-icon\"><svg aria-hidden=\"true\" role=\"img\" focusable=\"false\" xmlns=\"http:\/\/www.w3.org\/2000\/svg\" width=\"24\" height=\"24\" viewbox=\"0 0 24 24\" fill=\"currentColor\"><polygon points=\"12 2 15.09 8.26 22 9.27 17 14.14 18.18 21.02 12 17.77 5.82 21.02 7 14.14 2 9.27 8.91 8.26 12 2\"><\/polygon><\/svg><\/span><span class=\"razzi-svg-icon\"><svg aria-hidden=\"true\" role=\"img\" focusable=\"false\" xmlns=\"http:\/\/www.w3.org\/2000\/svg\" width=\"24\" height=\"24\" viewbox=\"0 0 24 24\" fill=\"currentColor\"><polygon points=\"12 2 15.09 8.26 22 9.27 17 14.14 18.18 21.02 12 17.77 5.82 21.02 7 14.14 2 9.27 8.91 8.26 12 2\"><\/polygon><\/svg><\/span><span class=\"razzi-svg-icon\"><svg aria-hidden=\"true\" role=\"img\" focusable=\"false\" xmlns=\"http:\/\/www.w3.org\/2000\/svg\" width=\"24\" height=\"24\" viewbox=\"0 0 24 24\" fill=\"currentColor\"><polygon points=\"12 2 15.09 8.26 22 9.27 17 14.14 18.18 21.02 12 17.77 5.82 21.02 7 14.14 2 9.27 8.91 8.26 12 2\"><\/polygon><\/svg><\/span><span class=\"razzi-svg-icon\"><svg aria-hidden=\"true\" role=\"img\" focusable=\"false\" xmlns=\"http:\/\/www.w3.org\/2000\/svg\" width=\"24\" height=\"24\" viewbox=\"0 0 24 24\" fill=\"currentColor\"><polygon points=\"12 2 15.09 8.26 22 9.27 17 14.14 18.18 21.02 12 17.77 5.82 21.02 7 14.14 2 9.27 8.91 8.26 12 2\"><\/polygon><\/svg><\/span><span class=\"razzi-svg-icon\"><svg aria-hidden=\"true\" role=\"img\" focusable=\"false\" xmlns=\"http:\/\/www.w3.org\/2000\/svg\" width=\"24\" height=\"24\" viewbox=\"0 0 24 24\" fill=\"currentColor\"><polygon points=\"12 2 15.09 8.26 22 9.27 17 14.14 18.18 21.02 12 17.77 5.82 21.02 7 14.14 2 9.27 8.91 8.26 12 2\"><\/polygon><\/svg><\/span><\/span><span class=\"screen-reader-text\">Rated <strong class=\"rating\">3.00<\/strong> out of 5<\/span><\/div>\n\t<span class=\"price\"><span class=\"woocommerce-Price-amount amount\"><bdi><span class=\"woocommerce-Price-currencySymbol\">$<\/span>49.90<\/bdi><\/span><\/span>\n<\/a><a href=\"\/fr\/wp-json\/wp\/v2\/pages\/7084?add-to-cart=6831\" aria-describedby=\"woocommerce_loop_add_to_cart_link_describedby_6831\" data-quantity=\"1\" class=\"button product_type_simple add_to_cart_button ajax_add_to_cart\" data-product_id=\"6831\" data-product_sku=\"Q4TTYHTJY0\" aria-label=\"Ajouter au panier\u00a0: \u201cArticle Un\u201d\" rel=\"nofollow\" data-success_message=\"\u00ab\u00a0Article Un\u00a0\u00bb a \u00e9t\u00e9 ajout\u00e9 \u00e0 votre panier\" role=\"button\" data-no-translation=\"\" data-trp-gettext=\"\" data-no-translation-aria-label=\"\" data-no-translation-data-success_message=\"\">Ajouter au panier<\/a>\t<span id=\"woocommerce_loop_add_to_cart_link_describedby_6831\" class=\"screen-reader-text\">\n\t\t\t<\/span>\n<\/li>\n<li class=\"product type-product post-12614 status-publish last instock product_cat-african-fabrics has-post-thumbnail sale shipping-taxable purchasable product-type-simple\">\n\t<a href=\"https:\/\/gnamaboutique.com\/fr\/produit\/article-doux\/\" class=\"woocommerce-LoopProduct-link woocommerce-loop-product__link\">\n\t<span class=\"onsale\" data-no-translation=\"\" data-trp-gettext=\"\">Promo\u00a0!<\/span>\n\t<img loading=\"lazy\" decoding=\"async\" width=\"370\" height=\"444\" src=\"https:\/\/gnamaboutique.com\/wp-content\/uploads\/2020\/12\/a3429a0b-dca3-44c3-97f4-17dfcb139c27--370x444.jpeg\" class=\"attachment-woocommerce_thumbnail size-woocommerce_thumbnail\" alt=\"Article doux\" \/><h2 class=\"woocommerce-loop-product__title\">Article doux<\/h2>\n\t<span class=\"price\"><del aria-hidden=\"true\"><span class=\"woocommerce-Price-amount amount\"><bdi><span class=\"woocommerce-Price-currencySymbol\">$<\/span>23.00<\/bdi><\/span><\/del> <span class=\"screen-reader-text\" data-no-translation=\"\" data-trp-gettext=\"\">Le prix initial \u00e9tait\u00a0: $23.00.<\/span><ins aria-hidden=\"true\"><span class=\"woocommerce-Price-amount amount\"><bdi><span class=\"woocommerce-Price-currencySymbol\">$<\/span>10.00<\/bdi><\/span><\/ins><span class=\"screen-reader-text\" data-no-translation=\"\" data-trp-gettext=\"\">Le prix actuel est\u00a0: $10.00.<\/span><\/span>\n<\/a><a href=\"\/fr\/wp-json\/wp\/v2\/pages\/7084?add-to-cart=12614\" aria-describedby=\"woocommerce_loop_add_to_cart_link_describedby_12614\" data-quantity=\"1\" class=\"button product_type_simple add_to_cart_button ajax_add_to_cart\" data-product_id=\"12614\" data-product_sku=\"\" aria-label=\"Ajouter au panier\u00a0: \u201cArticle doux\u201d\" rel=\"nofollow\" data-success_message=\"\u00ab\u00a0Article doux\u00a0\u00bb a \u00e9t\u00e9 ajout\u00e9 \u00e0 votre panier\" role=\"button\" data-no-translation=\"\" data-trp-gettext=\"\" data-no-translation-aria-label=\"\" data-no-translation-data-success_message=\"\">Ajouter au panier<\/a>\t<span id=\"woocommerce_loop_add_to_cart_link_describedby_12614\" class=\"screen-reader-text\">\n\t\t\t<\/span>\n<\/li>\n<li class=\"product type-product post-12619 status-publish first instock product_cat-bijoux product_cat-broderies-ornements product_tag-accessories product_tag-mens has-post-thumbnail shipping-taxable purchasable product-type-simple\">\n\t<a href=\"https:\/\/gnamaboutique.com\/fr\/produit\/article-un-copie\/\" class=\"woocommerce-LoopProduct-link woocommerce-loop-product__link\"><img loading=\"lazy\" decoding=\"async\" width=\"370\" height=\"444\" src=\"https:\/\/gnamaboutique.com\/wp-content\/uploads\/2026\/03\/6fdcd92a-50d3-42f3-b579-3fc60aaa3e87-370x444.jpeg\" class=\"attachment-woocommerce_thumbnail size-woocommerce_thumbnail\" alt=\"Article blue (Copie)\" \/><h2 class=\"woocommerce-loop-product__title\">Article blue (Copie)<\/h2>\n\t<span class=\"price\"><span class=\"woocommerce-Price-amount amount\"><bdi><span class=\"woocommerce-Price-currencySymbol\">$<\/span>49.90<\/bdi><\/span><\/span>\n<\/a><a href=\"\/fr\/wp-json\/wp\/v2\/pages\/7084?add-to-cart=12619\" aria-describedby=\"woocommerce_loop_add_to_cart_link_describedby_12619\" data-quantity=\"1\" class=\"button product_type_simple add_to_cart_button ajax_add_to_cart\" data-product_id=\"12619\" data-product_sku=\"Q4TTYHTJY0-5\" aria-label=\"Ajouter au panier\u00a0: \u201cArticle blue (Copie)\u201d\" rel=\"nofollow\" data-success_message=\"\u00ab\u00a0Article blue (Copie)\u00a0\u00bb a \u00e9t\u00e9 ajout\u00e9 \u00e0 votre panier\" role=\"button\" data-no-translation=\"\" data-trp-gettext=\"\" data-no-translation-aria-label=\"\" data-no-translation-data-success_message=\"\">Ajouter au panier<\/a>\t<span id=\"woocommerce_loop_add_to_cart_link_describedby_12619\" class=\"screen-reader-text\">\n\t\t\t<\/span>\n<\/li>\n<li class=\"product type-product post-12623 status-publish instock product_cat-broderies-ornements product_cat-non-classe product_tag-accessories product_tag-mens has-post-thumbnail shipping-taxable purchasable product-type-simple\">\n\t<a href=\"https:\/\/gnamaboutique.com\/fr\/produit\/article\/\" class=\"woocommerce-LoopProduct-link woocommerce-loop-product__link\"><img loading=\"lazy\" decoding=\"async\" width=\"370\" height=\"444\" src=\"https:\/\/gnamaboutique.com\/wp-content\/uploads\/2026\/03\/7628bd11-dd21-4e7c-8a3b-07e30f702f27-370x444.jpeg\" class=\"attachment-woocommerce_thumbnail size-woocommerce_thumbnail\" alt=\"Article\" \/><h2 class=\"woocommerce-loop-product__title\">Article<\/h2>\n\t<span class=\"price\"><span class=\"woocommerce-Price-amount amount\"><bdi><span class=\"woocommerce-Price-currencySymbol\">$<\/span>49.90<\/bdi><\/span><\/span>\n<\/a><a href=\"\/fr\/wp-json\/wp\/v2\/pages\/7084?add-to-cart=12623\" aria-describedby=\"woocommerce_loop_add_to_cart_link_describedby_12623\" data-quantity=\"1\" class=\"button product_type_simple add_to_cart_button ajax_add_to_cart\" data-product_id=\"12623\" data-product_sku=\"Q4TTYHTJY0-6\" aria-label=\"Ajouter au panier\u00a0: \u201cArticle\u201d\" rel=\"nofollow\" data-success_message=\"\u00ab\u00a0Article\u00a0\u00bb a \u00e9t\u00e9 ajout\u00e9 \u00e0 votre panier\" role=\"button\" data-no-translation=\"\" data-trp-gettext=\"\" data-no-translation-aria-label=\"\" data-no-translation-data-success_message=\"\">Ajouter au panier<\/a>\t<span id=\"woocommerce_loop_add_to_cart_link_describedby_12623\" class=\"screen-reader-text\">\n\t\t\t<\/span>\n<\/li>\n<li class=\"product type-product post-12626 status-publish instock product_cat-non-classe product_tag-accessories product_tag-mens has-post-thumbnail shipping-taxable purchasable product-type-simple\">\n\t<a href=\"https:\/\/gnamaboutique.com\/fr\/produit\/article-blue-copie-copie\/\" class=\"woocommerce-LoopProduct-link woocommerce-loop-product__link\"><img loading=\"lazy\" decoding=\"async\" width=\"370\" height=\"444\" src=\"https:\/\/gnamaboutique.com\/wp-content\/uploads\/2026\/03\/3ea0fddc-22ed-40c8-b9e8-225821bfc48a-370x444.jpeg\" class=\"attachment-woocommerce_thumbnail size-woocommerce_thumbnail\" alt=\"Article blue (Copie) (Copie)\" \/><h2 class=\"woocommerce-loop-product__title\">Article blue (Copie) (Copie)<\/h2>\n\t<span class=\"price\"><span class=\"woocommerce-Price-amount amount\"><bdi><span class=\"woocommerce-Price-currencySymbol\">$<\/span>49.90<\/bdi><\/span><\/span>\n<\/a><a href=\"\/fr\/wp-json\/wp\/v2\/pages\/7084?add-to-cart=12626\" aria-describedby=\"woocommerce_loop_add_to_cart_link_describedby_12626\" data-quantity=\"1\" class=\"button product_type_simple add_to_cart_button ajax_add_to_cart\" data-product_id=\"12626\" data-product_sku=\"Q4TTYHTJY0-7\" aria-label=\"Ajouter au panier\u00a0: \u201cArticle blue (Copie) (Copie)\u201d\" rel=\"nofollow\" data-success_message=\"\u00ab\u00a0Article blue (Copie) (Copie)\u00a0\u00bb a \u00e9t\u00e9 ajout\u00e9 \u00e0 votre panier\" role=\"button\" data-no-translation=\"\" data-trp-gettext=\"\" data-no-translation-aria-label=\"\" data-no-translation-data-success_message=\"\">Ajouter au panier<\/a>\t<span id=\"woocommerce_loop_add_to_cart_link_describedby_12626\" class=\"screen-reader-text\">\n\t\t\t<\/span>\n<\/li>\n<\/ul>\n<\/div>\t\t<\/div>\r\n\t\t\t\t\t\t<\/div>\n\t\t\t\t<\/div>\n\t\t\t\t\t<\/div>\n\t\t<\/div>\n\t\t\t\t\t<\/div>\n\t\t<\/section>\n\t\t\t\t<\/div>","protected":false},"excerpt":{"rendered":"<p>NewAdd to cart Quick View Add to wishlist T-Shirts Crew Neck T-shirt \u00a3\u00a098.96 -9% Add to cart Quick View Add to wishlist Dresses Basic Dress Green \u00a3\u00a0174.30 \u00a3\u00a0158.79 NewAdd to cart Quick View Add to wishlist Kids Hiking Boots \u00a3\u00a056.87 Add to cart Quick View Add to wishlist Bag Cross Body Mini Bag \u00a3\u00a029.54 NewAdd [&hellip;]<\/p>\n","protected":false},"author":1,"featured_media":0,"parent":0,"menu_order":0,"comment_status":"closed","ping_status":"closed","template":"","meta":{"footnotes":""},"class_list":["post-7084","page","type-page","status-publish","hentry"],"_links":{"self":[{"href":"https:\/\/gnamaboutique.com\/fr\/wp-json\/wp\/v2\/pages\/7084","targetHints":{"allow":["GET"]}}],"collection":[{"href":"https:\/\/gnamaboutique.com\/fr\/wp-json\/wp\/v2\/pages"}],"about":[{"href":"https:\/\/gnamaboutique.com\/fr\/wp-json\/wp\/v2\/types\/page"}],"author":[{"embeddable":true,"href":"https:\/\/gnamaboutique.com\/fr\/wp-json\/wp\/v2\/users\/1"}],"replies":[{"embeddable":true,"href":"https:\/\/gnamaboutique.com\/fr\/wp-json\/wp\/v2\/comments?post=7084"}],"version-history":[{"count":1,"href":"https:\/\/gnamaboutique.com\/fr\/wp-json\/wp\/v2\/pages\/7084\/revisions"}],"predecessor-version":[{"id":12535,"href":"https:\/\/gnamaboutique.com\/fr\/wp-json\/wp\/v2\/pages\/7084\/revisions\/12535"}],"wp:attachment":[{"href":"https:\/\/gnamaboutique.com\/fr\/wp-json\/wp\/v2\/media?parent=7084"}],"curies":[{"name":"wp","href":"https:\/\/api.w.org\/{rel}","templated":true}]}}